{"id":902,"date":"2023-04-13T10:21:00","date_gmt":"2023-04-13T10:21:00","guid":{"rendered":"https:\/\/cristalerianueva.com\/prestations-de-service\/"},"modified":"2023-08-10T11:45:15","modified_gmt":"2023-08-10T11:45:15","slug":"prestations-de-service","status":"publish","type":"page","link":"https:\/\/cristalerianueva.com\/fr\/prestations-de-service\/","title":{"rendered":"Prestations de service"},"content":{"rendered":"\t\t<div data-elementor-type=\"wp-page\" data-elementor-id=\"902\" class=\"elementor elementor-902 elementor-10\">\n\t\t\t\t\t\t\t\t\t<section class=\"elementor-section elementor-top-section elementor-element elementor-element-b61b678 elementor-section-boxed elementor-section-height-default elementor-section-height-default\" data-id=\"b61b678\" data-element_type=\"section\">\n\t\t\t\t\t\t<div class=\"elementor-container elementor-column-gap-default\">\n\t\t\t\t\t<div class=\"elementor-column elementor-col-100 elementor-top-column elementor-element elementor-element-63732bc\" data-id=\"63732bc\" data-element_type=\"column\">\n\t\t\t<div class=\"elementor-widget-wrap\">\n\t\t\t\t\t\t\t\t\t<\/div>\n\t\t<\/div>\n\t\t\t\t\t\t\t<\/div>\n\t\t<\/section>\n\t\t\t\t<section class=\"elementor-section elementor-top-section elementor-element elementor-element-73a5fc1 elementor-section-content-middle elementor-section-boxed elementor-section-height-default elementor-section-height-default\" data-id=\"73a5fc1\" data-element_type=\"section\">\n\t\t\t\t\t\t<div class=\"elementor-container elementor-column-gap-no\">\n\t\t\t\t\t<div class=\"elementor-column elementor-col-100 elementor-top-column elementor-element elementor-element-a7b58b8\" data-id=\"a7b58b8\" data-element_type=\"column\">\n\t\t\t<div class=\"elementor-widget-wrap elementor-element-populated\">\n\t\t\t\t\t\t\t\t<div class=\"elementor-element elementor-element-a5df38e elementor-widget elementor-widget-heading\" data-id=\"a5df38e\" data-element_type=\"widget\" data-widget_type=\"heading.default\">\n\t\t\t\t<div class=\"elementor-widget-container\">\n\t\t\t<style>\/*! elementor - v3.12.1 - 02-04-2023 *\/\n.elementor-heading-title{padding:0;margin:0;line-height:1}.elementor-widget-heading .elementor-heading-title[class*=elementor-size-]>a{color:inherit;font-size:inherit;line-height:inherit}.elementor-widget-heading .elementor-heading-title.elementor-size-small{font-size:15px}.elementor-widget-heading .elementor-heading-title.elementor-size-medium{font-size:19px}.elementor-widget-heading .elementor-heading-title.elementor-size-large{font-size:29px}.elementor-widget-heading .elementor-heading-title.elementor-size-xl{font-size:39px}.elementor-widget-heading .elementor-heading-title.elementor-size-xxl{font-size:59px}<\/style><h2 class=\"elementor-heading-title elementor-size-default\">Travaux r\u00e9alis\u00e9s par Cristaler\u00eda Nueva\n<\/h2>\t\t<\/div>\n\t\t\t\t<\/div>\n\t\t\t\t<div class=\"elementor-element elementor-element-2ff3593 elementor-widget elementor-widget-heading\" data-id=\"2ff3593\" data-element_type=\"widget\" data-widget_type=\"heading.default\">\n\t\t\t\t<div class=\"elementor-widget-container\">\n\t\t\t<h3 class=\"elementor-heading-title elementor-size-default\">Maison, d\u00e9coration, locaux commerciaux, ...\n\nL'\u00e9quipe de <b>Cristaler\u00eda Nueva<\/b> dispose d'une large gamme de produits pour la d\u00e9coration de votre maison. Nous r\u00e9alisons \u00e9galement toutes sortes de vitrages industriels (fen\u00eatres, travaux, verres de s\u00e9curit\u00e9, galeries, securit, climalit, vitrages de toutes sortes de brisures,...).<\/h3>\t\t<\/div>\n\t\t\t\t<\/div>\n\t\t\t\t<section class=\"elementor-section elementor-inner-section elementor-element elementor-element-b236bd6 elementor-section-content-middle elementor-section-full_width elementor-section-height-default elementor-section-height-default\" data-id=\"b236bd6\" data-element_type=\"section\">\n\t\t\t\t\t\t<div class=\"elementor-container elementor-column-gap-no\">\n\t\t\t\t\t<div class=\"elementor-column elementor-col-33 elementor-inner-column elementor-element elementor-element-a084256\" data-id=\"a084256\" data-element_type=\"column\" data-settings=\"{&quot;background_background&quot;:&quot;classic&quot;}\">\n\t\t\t<div class=\"elementor-widget-wrap elementor-element-populated\">\n\t\t\t\t\t<div class=\"elementor-background-overlay\"><\/div>\n\t\t\t\t\t\t\t\t<div class=\"elementor-element elementor-element-0b6d6e3 elementor-position-top elementor-vertical-align-top elementor-widget elementor-widget-image-box\" data-id=\"0b6d6e3\" data-element_type=\"widget\" data-widget_type=\"image-box.default\">\n\t\t\t\t<div class=\"elementor-widget-container\">\n\t\t\t<style>\/*! elementor - v3.12.1 - 02-04-2023 *\/\n.elementor-widget-image-box .elementor-image-box-content{width:100%}@media (min-width:768px){.elementor-widget-image-box.elementor-position-left .elementor-image-box-wrapper,.elementor-widget-image-box.elementor-position-right .elementor-image-box-wrapper{display:flex}.elementor-widget-image-box.elementor-position-right .elementor-image-box-wrapper{text-align:right;flex-direction:row-reverse}.elementor-widget-image-box.elementor-position-left .elementor-image-box-wrapper{text-align:left;flex-direction:row}.elementor-widget-image-box.elementor-position-top .elementor-image-box-img{margin:auto}.elementor-widget-image-box.elementor-vertical-align-top .elementor-image-box-wrapper{align-items:flex-start}.elementor-widget-image-box.elementor-vertical-align-middle .elementor-image-box-wrapper{align-items:center}.elementor-widget-image-box.elementor-vertical-align-bottom .elementor-image-box-wrapper{align-items:flex-end}}@media (max-width:767px){.elementor-widget-image-box .elementor-image-box-img{margin-left:auto!important;margin-right:auto!important;margin-bottom:15px}}.elementor-widget-image-box .elementor-image-box-img{display:inline-block}.elementor-widget-image-box .elementor-image-box-title a{color:inherit}.elementor-widget-image-box .elementor-image-box-wrapper{text-align:center}.elementor-widget-image-box .elementor-image-box-description{margin:0}<\/style><div class=\"elementor-image-box-wrapper\"><div class=\"elementor-image-box-content\"><h3 class=\"elementor-image-box-title\"><a href=\"https:\/\/cristalerianueva.com\/fr\/travaux-realises\/\">INSTALLATIONS COMMERCIALES<\/a><\/h3><\/div><\/div>\t\t<\/div>\n\t\t\t\t<\/div>\n\t\t\t\t\t<\/div>\n\t\t<\/div>\n\t\t\t\t<div class=\"elementor-column elementor-col-33 elementor-inner-column elementor-element elementor-element-47df0dd\" data-id=\"47df0dd\" data-element_type=\"column\" data-settings=\"{&quot;background_background&quot;:&quot;classic&quot;}\">\n\t\t\t<div class=\"elementor-widget-wrap elementor-element-populated\">\n\t\t\t\t\t<div class=\"elementor-background-overlay\"><\/div>\n\t\t\t\t\t\t\t\t<div class=\"elementor-element elementor-element-3f9a60e elementor-position-top elementor-vertical-align-top elementor-widget elementor-widget-image-box\" data-id=\"3f9a60e\" data-element_type=\"widget\" data-widget_type=\"image-box.default\">\n\t\t\t\t<div class=\"elementor-widget-container\">\n\t\t\t<div class=\"elementor-image-box-wrapper\"><div class=\"elementor-image-box-content\"><h3 class=\"elementor-image-box-title\"><a href=\"https:\/\/cristalerianueva.com\/fr\/travaux-realises\/\">NOUVELLE CONSTRUCTION<\/a><\/h3><\/div><\/div>\t\t<\/div>\n\t\t\t\t<\/div>\n\t\t\t\t\t<\/div>\n\t\t<\/div>\n\t\t\t\t<div class=\"elementor-column elementor-col-33 elementor-inner-column elementor-element elementor-element-8ad3efe\" data-id=\"8ad3efe\" data-element_type=\"column\" data-settings=\"{&quot;background_background&quot;:&quot;classic&quot;}\">\n\t\t\t<div class=\"elementor-widget-wrap elementor-element-populated\">\n\t\t\t\t\t<div class=\"elementor-background-overlay\"><\/div>\n\t\t\t\t\t\t\t\t<div class=\"elementor-element elementor-element-f46f928 elementor-position-top elementor-vertical-align-top elementor-widget elementor-widget-image-box\" data-id=\"f46f928\" data-element_type=\"widget\" data-widget_type=\"image-box.default\">\n\t\t\t\t<div class=\"elementor-widget-container\">\n\t\t\t<div class=\"elementor-image-box-wrapper\"><div class=\"elementor-image-box-content\"><h3 class=\"elementor-image-box-title\"><a href=\"https:\/\/cristalerianueva.com\/fr\/travaux-realises\/\">PAVILLONS<\/a><\/h3><\/div><\/div>\t\t<\/div>\n\t\t\t\t<\/div>\n\t\t\t\t\t<\/div>\n\t\t<\/div>\n\t\t\t\t\t\t\t<\/div>\n\t\t<\/section>\n\t\t\t\t<section class=\"elementor-section elementor-inner-section elementor-element elementor-element-274fc8b elementor-section-content-middle elementor-section-full_width elementor-section-height-default elementor-section-height-default\" data-id=\"274fc8b\" data-element_type=\"section\">\n\t\t\t\t\t\t<div class=\"elementor-container elementor-column-gap-no\">\n\t\t\t\t\t<div class=\"elementor-column elementor-col-33 elementor-inner-column elementor-element elementor-element-5870ed1\" data-id=\"5870ed1\" data-element_type=\"column\" data-settings=\"{&quot;background_background&quot;:&quot;classic&quot;}\">\n\t\t\t<div class=\"elementor-widget-wrap elementor-element-populated\">\n\t\t\t\t\t<div class=\"elementor-background-overlay\"><\/div>\n\t\t\t\t\t\t\t\t<div class=\"elementor-element elementor-element-267058b elementor-position-top elementor-vertical-align-top elementor-widget elementor-widget-image-box\" data-id=\"267058b\" data-element_type=\"widget\" data-widget_type=\"image-box.default\">\n\t\t\t\t<div class=\"elementor-widget-container\">\n\t\t\t<div class=\"elementor-image-box-wrapper\"><div class=\"elementor-image-box-content\"><h3 class=\"elementor-image-box-title\"><a href=\"https:\/\/cristalerianueva.com\/fr\/travaux-realises\/\">DESIGN INT\u00c9RIEUR<\/a><\/h3><\/div><\/div>\t\t<\/div>\n\t\t\t\t<\/div>\n\t\t\t\t\t<\/div>\n\t\t<\/div>\n\t\t\t\t<div class=\"elementor-column elementor-col-33 elementor-inner-column elementor-element elementor-element-0f51f6e\" data-id=\"0f51f6e\" data-element_type=\"column\" data-settings=\"{&quot;background_background&quot;:&quot;classic&quot;}\">\n\t\t\t<div class=\"elementor-widget-wrap elementor-element-populated\">\n\t\t\t\t\t<div class=\"elementor-background-overlay\"><\/div>\n\t\t\t\t\t\t\t\t<div class=\"elementor-element elementor-element-28bbca0 elementor-position-top elementor-vertical-align-top elementor-widget elementor-widget-image-box\" data-id=\"28bbca0\" data-element_type=\"widget\" data-widget_type=\"image-box.default\">\n\t\t\t\t<div class=\"elementor-widget-container\">\n\t\t\t<div class=\"elementor-image-box-wrapper\"><div class=\"elementor-image-box-content\"><h3 class=\"elementor-image-box-title\"><a href=\"https:\/\/cristalerianueva.com\/fr\/travaux-realises\/\">CLOISON<\/a><\/h3><\/div><\/div>\t\t<\/div>\n\t\t\t\t<\/div>\n\t\t\t\t\t<\/div>\n\t\t<\/div>\n\t\t\t\t<div class=\"elementor-column elementor-col-33 elementor-inner-column elementor-element elementor-element-9ac0dd7\" data-id=\"9ac0dd7\" data-element_type=\"column\" data-settings=\"{&quot;background_background&quot;:&quot;classic&quot;}\">\n\t\t\t<div class=\"elementor-widget-wrap elementor-element-populated\">\n\t\t\t\t\t<div class=\"elementor-background-overlay\"><\/div>\n\t\t\t\t\t\t\t\t<div class=\"elementor-element elementor-element-4858cff elementor-position-top elementor-vertical-align-top elementor-widget elementor-widget-image-box\" data-id=\"4858cff\" data-element_type=\"widget\" data-widget_type=\"image-box.default\">\n\t\t\t\t<div class=\"elementor-widget-container\">\n\t\t\t<div class=\"elementor-image-box-wrapper\"><div class=\"elementor-image-box-content\"><h3 class=\"elementor-image-box-title\"><a href=\"https:\/\/cristalerianueva.com\/fr\/travaux-realises\/\">ENCADREMENT<\/a><\/h3><\/div><\/div>\t\t<\/div>\n\t\t\t\t<\/div>\n\t\t\t\t\t<\/div>\n\t\t<\/div>\n\t\t\t\t\t\t\t<\/div>\n\t\t<\/section>\n\t\t\t\t\t<\/div>\n\t\t<\/div>\n\t\t\t\t\t\t\t<\/div>\n\t\t<\/section>\n\t\t\t\t\t\t\t<\/div>\n\t\t","protected":false},"excerpt":{"rendered":"<p>Nous vous montrons quelques-uns de nos services commerciaux<\/p>\n","protected":false},"author":1,"featured_media":682,"parent":0,"menu_order":0,"comment_status":"closed","ping_status":"closed","template":"elementor_header_footer","meta":{"footnotes":""},"class_list":["post-902","page","type-page","status-publish","has-post-thumbnail","hentry"],"yoast_head":"<!-- This site is optimized with the Yoast SEO plugin v23.9 - https:\/\/yoast.com\/wordpress\/plugins\/seo\/ -->\n<title>Prestations de service - CRISTALER\u00cdA NUEVA<\/title>\n<meta name=\"robots\" content=\"index, follow, max-snippet:-1, max-image-preview:large, max-video-preview:-1\" \/>\n<link rel=\"canonical\" href=\"https:\/\/cristalerianueva.com\/fr\/prestations-de-service\/\" \/>\n<meta property=\"og:locale\" content=\"fr_FR\" \/>\n<meta property=\"og:type\" content=\"article\" \/>\n<meta property=\"og:title\" content=\"Prestations de service - CRISTALER\u00cdA NUEVA\" \/>\n<meta property=\"og:description\" content=\"Nous vous montrons quelques-uns de nos services commerciaux\" \/>\n<meta property=\"og:url\" content=\"https:\/\/cristalerianueva.com\/fr\/prestations-de-service\/\" \/>\n<meta property=\"og:site_name\" content=\"CRISTALER\u00cdA NUEVA\" \/>\n<meta property=\"article:publisher\" content=\"https:\/\/www.facebook.com\/search\/top\/?q=CRISTALERIANUEVA\" \/>\n<meta property=\"article:modified_time\" content=\"2023-08-10T11:45:15+00:00\" \/>\n<meta property=\"og:image\" content=\"https:\/\/cristalerianueva.com\/wp-content\/uploads\/2023\/04\/rawpixel-id-3282586.jpg\" \/>\n\t<meta property=\"og:image:width\" content=\"1920\" \/>\n\t<meta property=\"og:image:height\" content=\"480\" \/>\n\t<meta property=\"og:image:type\" content=\"image\/jpeg\" \/>\n<meta name=\"twitter:card\" content=\"summary_large_image\" \/>\n<script type=\"application\/ld+json\" class=\"yoast-schema-graph\">{\"@context\":\"https:\/\/schema.org\",\"@graph\":[{\"@type\":\"WebPage\",\"@id\":\"https:\/\/cristalerianueva.com\/fr\/prestations-de-service\/\",\"url\":\"https:\/\/cristalerianueva.com\/fr\/prestations-de-service\/\",\"name\":\"Prestations de service - CRISTALER\u00cdA NUEVA\",\"isPartOf\":{\"@id\":\"https:\/\/cristalerianueva.com\/#website\"},\"primaryImageOfPage\":{\"@id\":\"https:\/\/cristalerianueva.com\/fr\/prestations-de-service\/#primaryimage\"},\"image\":{\"@id\":\"https:\/\/cristalerianueva.com\/fr\/prestations-de-service\/#primaryimage\"},\"thumbnailUrl\":\"https:\/\/cristalerianueva.com\/wp-content\/uploads\/2023\/04\/rawpixel-id-3282586.jpg\",\"datePublished\":\"2023-04-13T10:21:00+00:00\",\"dateModified\":\"2023-08-10T11:45:15+00:00\",\"breadcrumb\":{\"@id\":\"https:\/\/cristalerianueva.com\/fr\/prestations-de-service\/#breadcrumb\"},\"inLanguage\":\"fr-FR\",\"potentialAction\":[{\"@type\":\"ReadAction\",\"target\":[\"https:\/\/cristalerianueva.com\/fr\/prestations-de-service\/\"]}]},{\"@type\":\"ImageObject\",\"inLanguage\":\"fr-FR\",\"@id\":\"https:\/\/cristalerianueva.com\/fr\/prestations-de-service\/#primaryimage\",\"url\":\"https:\/\/cristalerianueva.com\/wp-content\/uploads\/2023\/04\/rawpixel-id-3282586.jpg\",\"contentUrl\":\"https:\/\/cristalerianueva.com\/wp-content\/uploads\/2023\/04\/rawpixel-id-3282586.jpg\",\"width\":1920,\"height\":480},{\"@type\":\"BreadcrumbList\",\"@id\":\"https:\/\/cristalerianueva.com\/fr\/prestations-de-service\/#breadcrumb\",\"itemListElement\":[{\"@type\":\"ListItem\",\"position\":1,\"name\":\"Portada\",\"item\":\"https:\/\/cristalerianueva.com\/fr\/cristaleria-nueva\/\"},{\"@type\":\"ListItem\",\"position\":2,\"name\":\"Prestations de service\"}]},{\"@type\":\"WebSite\",\"@id\":\"https:\/\/cristalerianueva.com\/#website\",\"url\":\"https:\/\/cristalerianueva.com\/\",\"name\":\"CRISTALER\u00cdA NUEVA\",\"description\":\"CRISTALER\u00cdA NUEVA\",\"publisher\":{\"@id\":\"https:\/\/cristalerianueva.com\/#organization\"},\"potentialAction\":[{\"@type\":\"SearchAction\",\"target\":{\"@type\":\"EntryPoint\",\"urlTemplate\":\"https:\/\/cristalerianueva.com\/?s={search_term_string}\"},\"query-input\":{\"@type\":\"PropertyValueSpecification\",\"valueRequired\":true,\"valueName\":\"search_term_string\"}}],\"inLanguage\":\"fr-FR\"},{\"@type\":\"Organization\",\"@id\":\"https:\/\/cristalerianueva.com\/#organization\",\"name\":\"CRISTALER\u00cdA NUEVA\",\"url\":\"https:\/\/cristalerianueva.com\/\",\"logo\":{\"@type\":\"ImageObject\",\"inLanguage\":\"fr-FR\",\"@id\":\"https:\/\/cristalerianueva.com\/#\/schema\/logo\/image\/\",\"url\":\"https:\/\/cristalerianueva.com\/wp-content\/uploads\/2023\/04\/logo-cristaleria.png\",\"contentUrl\":\"https:\/\/cristalerianueva.com\/wp-content\/uploads\/2023\/04\/logo-cristaleria.png\",\"width\":455,\"height\":132,\"caption\":\"CRISTALER\u00cdA NUEVA\"},\"image\":{\"@id\":\"https:\/\/cristalerianueva.com\/#\/schema\/logo\/image\/\"},\"sameAs\":[\"https:\/\/www.facebook.com\/search\/top\/?q=CRISTALERIANUEVA\",\"https:\/\/www.instagram.com\/cristalerianueva.s.l\/\"]}]}<\/script>\n<!-- \/ Yoast SEO plugin. -->","yoast_head_json":{"title":"Prestations de service - CRISTALER\u00cdA NUEVA","robots":{"index":"index","follow":"follow","max-snippet":"max-snippet:-1","max-image-preview":"max-image-preview:large","max-video-preview":"max-video-preview:-1"},"canonical":"https:\/\/cristalerianueva.com\/fr\/prestations-de-service\/","og_locale":"fr_FR","og_type":"article","og_title":"Prestations de service - CRISTALER\u00cdA NUEVA","og_description":"Nous vous montrons quelques-uns de nos services commerciaux","og_url":"https:\/\/cristalerianueva.com\/fr\/prestations-de-service\/","og_site_name":"CRISTALER\u00cdA NUEVA","article_publisher":"https:\/\/www.facebook.com\/search\/top\/?q=CRISTALERIANUEVA","article_modified_time":"2023-08-10T11:45:15+00:00","og_image":[{"width":1920,"height":480,"url":"https:\/\/cristalerianueva.com\/wp-content\/uploads\/2023\/04\/rawpixel-id-3282586.jpg","type":"image\/jpeg"}],"twitter_card":"summary_large_image","schema":{"@context":"https:\/\/schema.org","@graph":[{"@type":"WebPage","@id":"https:\/\/cristalerianueva.com\/fr\/prestations-de-service\/","url":"https:\/\/cristalerianueva.com\/fr\/prestations-de-service\/","name":"Prestations de service - CRISTALER\u00cdA NUEVA","isPartOf":{"@id":"https:\/\/cristalerianueva.com\/#website"},"primaryImageOfPage":{"@id":"https:\/\/cristalerianueva.com\/fr\/prestations-de-service\/#primaryimage"},"image":{"@id":"https:\/\/cristalerianueva.com\/fr\/prestations-de-service\/#primaryimage"},"thumbnailUrl":"https:\/\/cristalerianueva.com\/wp-content\/uploads\/2023\/04\/rawpixel-id-3282586.jpg","datePublished":"2023-04-13T10:21:00+00:00","dateModified":"2023-08-10T11:45:15+00:00","breadcrumb":{"@id":"https:\/\/cristalerianueva.com\/fr\/prestations-de-service\/#breadcrumb"},"inLanguage":"fr-FR","potentialAction":[{"@type":"ReadAction","target":["https:\/\/cristalerianueva.com\/fr\/prestations-de-service\/"]}]},{"@type":"ImageObject","inLanguage":"fr-FR","@id":"https:\/\/cristalerianueva.com\/fr\/prestations-de-service\/#primaryimage","url":"https:\/\/cristalerianueva.com\/wp-content\/uploads\/2023\/04\/rawpixel-id-3282586.jpg","contentUrl":"https:\/\/cristalerianueva.com\/wp-content\/uploads\/2023\/04\/rawpixel-id-3282586.jpg","width":1920,"height":480},{"@type":"BreadcrumbList","@id":"https:\/\/cristalerianueva.com\/fr\/prestations-de-service\/#breadcrumb","itemListElement":[{"@type":"ListItem","position":1,"name":"Portada","item":"https:\/\/cristalerianueva.com\/fr\/cristaleria-nueva\/"},{"@type":"ListItem","position":2,"name":"Prestations de service"}]},{"@type":"WebSite","@id":"https:\/\/cristalerianueva.com\/#website","url":"https:\/\/cristalerianueva.com\/","name":"CRISTALER\u00cdA NUEVA","description":"CRISTALER\u00cdA NUEVA","publisher":{"@id":"https:\/\/cristalerianueva.com\/#organization"},"potentialAction":[{"@type":"SearchAction","target":{"@type":"EntryPoint","urlTemplate":"https:\/\/cristalerianueva.com\/?s={search_term_string}"},"query-input":{"@type":"PropertyValueSpecification","valueRequired":true,"valueName":"search_term_string"}}],"inLanguage":"fr-FR"},{"@type":"Organization","@id":"https:\/\/cristalerianueva.com\/#organization","name":"CRISTALER\u00cdA NUEVA","url":"https:\/\/cristalerianueva.com\/","logo":{"@type":"ImageObject","inLanguage":"fr-FR","@id":"https:\/\/cristalerianueva.com\/#\/schema\/logo\/image\/","url":"https:\/\/cristalerianueva.com\/wp-content\/uploads\/2023\/04\/logo-cristaleria.png","contentUrl":"https:\/\/cristalerianueva.com\/wp-content\/uploads\/2023\/04\/logo-cristaleria.png","width":455,"height":132,"caption":"CRISTALER\u00cdA NUEVA"},"image":{"@id":"https:\/\/cristalerianueva.com\/#\/schema\/logo\/image\/"},"sameAs":["https:\/\/www.facebook.com\/search\/top\/?q=CRISTALERIANUEVA","https:\/\/www.instagram.com\/cristalerianueva.s.l\/"]}]}},"_links":{"self":[{"href":"https:\/\/cristalerianueva.com\/fr\/wp-json\/wp\/v2\/pages\/902","targetHints":{"allow":["GET"]}}],"collection":[{"href":"https:\/\/cristalerianueva.com\/fr\/wp-json\/wp\/v2\/pages"}],"about":[{"href":"https:\/\/cristalerianueva.com\/fr\/wp-json\/wp\/v2\/types\/page"}],"author":[{"embeddable":true,"href":"https:\/\/cristalerianueva.com\/fr\/wp-json\/wp\/v2\/users\/1"}],"replies":[{"embeddable":true,"href":"https:\/\/cristalerianueva.com\/fr\/wp-json\/wp\/v2\/comments?post=902"}],"version-history":[{"count":1,"href":"https:\/\/cristalerianueva.com\/fr\/wp-json\/wp\/v2\/pages\/902\/revisions"}],"predecessor-version":[{"id":903,"href":"https:\/\/cristalerianueva.com\/fr\/wp-json\/wp\/v2\/pages\/902\/revisions\/903"}],"wp:featuredmedia":[{"embeddable":true,"href":"https:\/\/cristalerianueva.com\/fr\/wp-json\/wp\/v2\/media\/682"}],"wp:attachment":[{"href":"https:\/\/cristalerianueva.com\/fr\/wp-json\/wp\/v2\/media?parent=902"}],"curies":[{"name":"wp","href":"https:\/\/api.w.org\/{rel}","templated":true}]}}