{"id":899,"date":"2023-04-13T10:21:00","date_gmt":"2023-04-13T10:21:00","guid":{"rendered":"https:\/\/cristalerianueva.com\/notre-histoire\/"},"modified":"2023-08-10T11:43:35","modified_gmt":"2023-08-10T11:43:35","slug":"notre-histoire","status":"publish","type":"page","link":"https:\/\/cristalerianueva.com\/fr\/notre-histoire\/","title":{"rendered":"Notre histoire"},"content":{"rendered":"\t\t<div data-elementor-type=\"wp-page\" data-elementor-id=\"899\" class=\"elementor elementor-899 elementor-11\">\n\t\t\t\t\t\t\t\t\t<section class=\"elementor-section elementor-top-section elementor-element elementor-element-3d4e04a elementor-section-full_width elementor-section-height-default elementor-section-height-default\" data-id=\"3d4e04a\" data-element_type=\"section\">\n\t\t\t\t\t\t<div class=\"elementor-container elementor-column-gap-default\">\n\t\t\t\t\t<div class=\"elementor-column elementor-col-100 elementor-top-column elementor-element elementor-element-e94de53\" data-id=\"e94de53\" data-element_type=\"column\">\n\t\t\t<div class=\"elementor-widget-wrap elementor-element-populated\">\n\t\t\t\t\t\t\t\t<div class=\"elementor-element elementor-element-94ba883 elementor--h-position-center elementor--v-position-middle elementor-arrows-position-inside elementor-pagination-position-inside elementor-widget elementor-widget-slides\" data-id=\"94ba883\" data-element_type=\"widget\" data-settings=\"{&quot;navigation&quot;:&quot;both&quot;,&quot;autoplay&quot;:&quot;yes&quot;,&quot;pause_on_hover&quot;:&quot;yes&quot;,&quot;pause_on_interaction&quot;:&quot;yes&quot;,&quot;autoplay_speed&quot;:5000,&quot;transition&quot;:&quot;slide&quot;,&quot;transition_speed&quot;:500}\" data-widget_type=\"slides.default\">\n\t\t\t\t<div class=\"elementor-widget-container\">\n\t\t\t<style>\/*! elementor-pro - v3.11.7 - 22-03-2023 *\/\n.elementor-slides .swiper-slide-bg{background-size:cover;background-position:50%;background-repeat:no-repeat;min-width:100%;min-height:100%}.elementor-slides .swiper-slide-inner{background-repeat:no-repeat;background-position:50%;position:absolute;top:0;left:0;bottom:0;right:0;padding:50px;margin:auto}.elementor-slides .swiper-slide-inner,.elementor-slides .swiper-slide-inner:hover{color:#fff;display:flex}.elementor-slides .swiper-slide-inner .elementor-background-overlay{position:absolute;z-index:0;top:0;bottom:0;left:0;right:0}.elementor-slides .swiper-slide-inner .elementor-slide-content{position:relative;z-index:1;width:100%}.elementor-slides .swiper-slide-inner .elementor-slide-heading{font-size:35px;font-weight:700;line-height:1}.elementor-slides .swiper-slide-inner .elementor-slide-description{font-size:17px;line-height:1.4}.elementor-slides .swiper-slide-inner .elementor-slide-description:not(:last-child),.elementor-slides .swiper-slide-inner .elementor-slide-heading:not(:last-child){margin-bottom:30px}.elementor-slides .swiper-slide-inner .elementor-slide-button{border:2px solid #fff;color:#fff;background:transparent;display:inline-block}.elementor-slides .swiper-slide-inner .elementor-slide-button,.elementor-slides .swiper-slide-inner .elementor-slide-button:hover{background:transparent;color:inherit;text-decoration:none}.elementor--v-position-top .swiper-slide-inner{align-items:flex-start}.elementor--v-position-bottom .swiper-slide-inner{align-items:flex-end}.elementor--v-position-middle .swiper-slide-inner{align-items:center}.elementor--h-position-left .swiper-slide-inner{justify-content:flex-start}.elementor--h-position-right .swiper-slide-inner{justify-content:flex-end}.elementor--h-position-center .swiper-slide-inner{justify-content:center}body.rtl .elementor-widget-slides .elementor-swiper-button-next{left:10px;right:auto}body.rtl .elementor-widget-slides .elementor-swiper-button-prev{right:10px;left:auto}.elementor-slides-wrapper div:not(.swiper-slide)>.swiper-slide-inner{display:none}@media (max-width:767px){.elementor-slides .swiper-slide-inner{padding:30px}.elementor-slides .swiper-slide-inner .elementor-slide-heading{font-size:23px;line-height:1;margin-bottom:15px}.elementor-slides .swiper-slide-inner .elementor-slide-description{font-size:13px;line-height:1.4;margin-bottom:15px}}<\/style>\t\t<div class=\"elementor-swiper\">\n\t\t\t<div class=\"elementor-slides-wrapper elementor-main-swiper swiper\" dir=\"ltr\" data-animation=\"fadeInUp\">\n\t\t\t\t<div class=\"swiper-wrapper elementor-slides\">\n\t\t\t\t\t\t\t\t\t\t<div class=\"elementor-repeater-item-3bf4947 swiper-slide\"><div class=\"swiper-slide-bg elementor-ken-burns elementor-ken-burns--in\"><\/div><div class=\"swiper-slide-inner\" ><div class=\"swiper-slide-contents\"><\/div><\/div><\/div>\t\t\t\t<\/div>\n\t\t\t\t\t\t\t<\/div>\n\t\t<\/div>\n\t\t\t\t<\/div>\n\t\t\t\t<\/div>\n\t\t\t\t\t<\/div>\n\t\t<\/div>\n\t\t\t\t\t\t\t<\/div>\n\t\t<\/section>\n\t\t\t\t<section class=\"elementor-section elementor-top-section elementor-element elementor-element-85fe41f elementor-section-stretched elementor-section-boxed elementor-section-height-default elementor-section-height-default\" data-id=\"85fe41f\" data-element_type=\"section\" data-settings=\"{&quot;stretch_section&quot;:&quot;section-stretched&quot;,&quot;background_background&quot;:&quot;classic&quot;}\">\n\t\t\t\t\t\t<div class=\"elementor-container elementor-column-gap-default\">\n\t\t\t\t\t<div class=\"elementor-column elementor-col-50 elementor-top-column elementor-element elementor-element-35c4069\" data-id=\"35c4069\" data-element_type=\"column\">\n\t\t\t<div class=\"elementor-widget-wrap elementor-element-populated\">\n\t\t\t\t\t\t\t\t<div class=\"elementor-element elementor-element-e0ed2d3 elementor-widget elementor-widget-image\" data-id=\"e0ed2d3\" data-element_type=\"widget\" data-widget_type=\"image.default\">\n\t\t\t\t<div class=\"elementor-widget-container\">\n\t\t\t<style>\/*! elementor - v3.12.1 - 02-04-2023 *\/\n.elementor-widget-image{text-align:center}.elementor-widget-image a{display:inline-block}.elementor-widget-image a img[src$=\".svg\"]{width:48px}.elementor-widget-image img{vertical-align:middle;display:inline-block}<\/style>\t\t\t\t\t\t\t\t\t\t\t\t<img loading=\"lazy\" decoding=\"async\" width=\"140\" height=\"186\" src=\"https:\/\/cristalerianueva.com\/wp-content\/uploads\/2023\/05\/antes_140.jpg\" class=\"attachment-full size-full wp-image-149\" alt=\"\" \/>\t\t\t\t\t\t\t\t\t\t\t\t\t\t\t<\/div>\n\t\t\t\t<\/div>\n\t\t\t\t\t<\/div>\n\t\t<\/div>\n\t\t\t\t<div class=\"elementor-column elementor-col-50 elementor-top-column elementor-element elementor-element-c71e383\" data-id=\"c71e383\" data-element_type=\"column\" data-settings=\"{&quot;background_background&quot;:&quot;classic&quot;}\">\n\t\t\t<div class=\"elementor-widget-wrap elementor-element-populated\">\n\t\t\t\t\t\t\t\t<div class=\"elementor-element elementor-element-1011045 elementor-widget elementor-widget-heading\" data-id=\"1011045\" data-element_type=\"widget\" data-widget_type=\"heading.default\">\n\t\t\t\t<div class=\"elementor-widget-container\">\n\t\t\t<style>\/*! elementor - v3.12.1 - 02-04-2023 *\/\n.elementor-heading-title{padding:0;margin:0;line-height:1}.elementor-widget-heading .elementor-heading-title[class*=elementor-size-]>a{color:inherit;font-size:inherit;line-height:inherit}.elementor-widget-heading .elementor-heading-title.elementor-size-small{font-size:15px}.elementor-widget-heading .elementor-heading-title.elementor-size-medium{font-size:19px}.elementor-widget-heading .elementor-heading-title.elementor-size-large{font-size:29px}.elementor-widget-heading .elementor-heading-title.elementor-size-xl{font-size:39px}.elementor-widget-heading .elementor-heading-title.elementor-size-xxl{font-size:59px}<\/style><h2 class=\"elementor-heading-title elementor-size-default\">Histoire<\/h2>\t\t<\/div>\n\t\t\t\t<\/div>\n\t\t\t\t<div class=\"elementor-element elementor-element-fee79ff elementor-widget elementor-widget-text-editor\" data-id=\"fee79ff\" data-element_type=\"widget\" data-widget_type=\"text-editor.default\">\n\t\t\t\t<div class=\"elementor-widget-container\">\n\t\t\t<style>\/*! elementor - v3.12.1 - 02-04-2023 *\/\n.elementor-widget-text-editor.elementor-drop-cap-view-stacked .elementor-drop-cap{background-color:#69727d;color:#fff}.elementor-widget-text-editor.elementor-drop-cap-view-framed .elementor-drop-cap{color:#69727d;border:3px solid;background-color:transparent}.elementor-widget-text-editor:not(.elementor-drop-cap-view-default) .elementor-drop-cap{margin-top:8px}.elementor-widget-text-editor:not(.elementor-drop-cap-view-default) .elementor-drop-cap-letter{width:1em;height:1em}.elementor-widget-text-editor .elementor-drop-cap{float:left;text-align:center;line-height:1;font-size:50px}.elementor-widget-text-editor .elementor-drop-cap-letter{display:inline-block}<\/style>\t\t\t\t<p><strong>Cristaler\u00eda Nueva S.L.<\/strong> a \u00e9t\u00e9 fond\u00e9e par <strong>Manuel Gonz\u00e1lez Pereira en 1959.<\/strong> Il a commenc\u00e9 son activit\u00e9 de fabricant de miroirs dans la rue Fuenterrab\u00eda \u00e0 Ir\u00fan, se consacrant \u00e9galement \u00e0 toutes sortes de travaux et d&rsquo;installations commerciales.<\/p>\n<p>D\u00e8s le d\u00e9but, la fabrication a \u00e9t\u00e9 un point fort de l&rsquo;entreprise et en 1985, l&rsquo;une des premi\u00e8res machines \u00e0 chanfreiner de Gipuzkoa a \u00e9t\u00e9 acquise en Italie. <\/p>\n<p>En raison de la croissance de l&rsquo;entreprise, dans les ann\u00e9es 80, un nouvel entrep\u00f4t situ\u00e9 rue Lope de Irigoyen \u00e0 Ir\u00fan a \u00e9galement \u00e9t\u00e9 acquis, qui a rempli sa fonction jusqu&rsquo;\u00e0 la construction en 2000 d&rsquo;un nouvel entrep\u00f4t de 3 500 m\u00e8tres carr\u00e9s situ\u00e9 sur Avda. de Letxumborro n\u00ba 79 d&rsquo;Irun.<\/p>\n<p>Dans cet entrep\u00f4t, 600 m\u00e8tres carr\u00e9s ont \u00e9t\u00e9 am\u00e9nag\u00e9s pour le nouvel entrep\u00f4t de verrerie.<\/p>\n\t\t\t\t\t\t<\/div>\n\t\t\t\t<\/div>\n\t\t\t\t\t<\/div>\n\t\t<\/div>\n\t\t\t\t\t\t\t<\/div>\n\t\t<\/section>\n\t\t\t\t<section class=\"elementor-section elementor-top-section elementor-element elementor-element-20874b1 elementor-section-stretched elementor-section-boxed elementor-section-height-default elementor-section-height-default\" data-id=\"20874b1\" data-element_type=\"section\" data-settings=\"{&quot;stretch_section&quot;:&quot;section-stretched&quot;,&quot;background_background&quot;:&quot;classic&quot;}\">\n\t\t\t\t\t\t<div class=\"elementor-container elementor-column-gap-default\">\n\t\t\t\t\t<div class=\"elementor-column elementor-col-50 elementor-top-column elementor-element elementor-element-85fadc0\" data-id=\"85fadc0\" data-element_type=\"column\">\n\t\t\t<div class=\"elementor-widget-wrap elementor-element-populated\">\n\t\t\t\t\t\t\t\t<div class=\"elementor-element elementor-element-99d831a elementor-widget elementor-widget-heading\" data-id=\"99d831a\" data-element_type=\"widget\" data-widget_type=\"heading.default\">\n\t\t\t\t<div class=\"elementor-widget-container\">\n\t\t\t<h2 class=\"elementor-heading-title elementor-size-default\">Cadeau<\/h2>\t\t<\/div>\n\t\t\t\t<\/div>\n\t\t\t\t<div class=\"elementor-element elementor-element-839822e elementor-widget elementor-widget-text-editor\" data-id=\"839822e\" data-element_type=\"widget\" data-widget_type=\"text-editor.default\">\n\t\t\t\t<div class=\"elementor-widget-container\">\n\t\t\t\t\t\t\t<p><strong>Cristaler\u00eda Nueva SL<\/strong>, depuis juin 2022, entreprend une <strong>nouvelle \u00e9tape vers son navire \u00e0 Avda. Letxumborro n\u00ba79 de Irun<\/strong>, o\u00f9 nous travaillons depuis 2001 . <\/p>\n<p>Nous continuons ici avec l&rsquo;attention personnalis\u00e9e \u00e0 nos clients qui nous d\u00e9finit tant et que nous entretenons au jour le jour, ainsi qu&rsquo;avec notre stockage, pr\u00e9paration, coupe et polissage du verre. Notre objectif principal est de garantir la qualit\u00e9 et la durabilit\u00e9 de notre travail et, pour cette raison, nous avons un personnel hautement qualifi\u00e9 d\u00e9di\u00e9 \u00e0 leur travail.<\/p>\n<p>D&rsquo;autre part, en plus d&rsquo;\u00eatre une entreprise d\u00e9di\u00e9e \u00e0 la fabrication, nous nous adaptons aux nouveaux besoins, devenant une r\u00e9f\u00e9rence pour les hommes d&rsquo;affaires et les particuliers, offrant des conseils tant sur les travaux pour les maisons que sur les projets de d\u00e9coration \u00e0 plus grande \u00e9chelle. Notre passion du travail bien fait et du service personnalis\u00e9, ainsi que des mat\u00e9riaux et des machines de haute qualit\u00e9, sont les cl\u00e9s qui guident notre entreprise et dans lesquelles nous continuons \u00e0 nous am\u00e9liorer au quotidien.<\/p>\n\t\t\t\t\t\t<\/div>\n\t\t\t\t<\/div>\n\t\t\t\t\t<\/div>\n\t\t<\/div>\n\t\t\t\t<div class=\"elementor-column elementor-col-50 elementor-top-column elementor-element elementor-element-104b0f7\" data-id=\"104b0f7\" data-element_type=\"column\" data-settings=\"{&quot;background_background&quot;:&quot;classic&quot;}\">\n\t\t\t<div class=\"elementor-widget-wrap elementor-element-populated\">\n\t\t\t\t\t\t\t\t<div class=\"elementor-element elementor-element-6df79a8 elementor-arrows-position-inside elementor-pagination-position-outside elementor-widget elementor-widget-image-carousel\" data-id=\"6df79a8\" data-element_type=\"widget\" data-settings=\"{&quot;navigation&quot;:&quot;both&quot;,&quot;autoplay&quot;:&quot;yes&quot;,&quot;pause_on_hover&quot;:&quot;yes&quot;,&quot;pause_on_interaction&quot;:&quot;yes&quot;,&quot;autoplay_speed&quot;:5000,&quot;infinite&quot;:&quot;yes&quot;,&quot;speed&quot;:500}\" data-widget_type=\"image-carousel.default\">\n\t\t\t\t<div class=\"elementor-widget-container\">\n\t\t\t<style>\/*! elementor - v3.12.1 - 02-04-2023 *\/\n.elementor-widget-image-carousel .swiper,.elementor-widget-image-carousel .swiper-container{position:static}.elementor-widget-image-carousel .swiper-container .swiper-slide figure,.elementor-widget-image-carousel .swiper .swiper-slide figure{line-height:inherit}.elementor-widget-image-carousel .swiper-slide{text-align:center}.elementor-image-carousel-wrapper:not(.swiper-container-initialized) .swiper-slide,.elementor-image-carousel-wrapper:not(.swiper-initialized) .swiper-slide{max-width:calc(100% \/ var(--e-image-carousel-slides-to-show, 3))}<\/style>\t\t<div class=\"elementor-image-carousel-wrapper swiper\" dir=\"ltr\">\n\t\t\t<div class=\"elementor-image-carousel swiper-wrapper\">\n\t\t\t\t\t\t\t\t<div class=\"swiper-slide\"><figure class=\"swiper-slide-inner\"><img decoding=\"async\" class=\"swiper-slide-image\" src=\"https:\/\/cristalerianueva.com\/wp-content\/uploads\/2023\/04\/img-3.jpg\" alt=\"img-3\" \/><\/figure><\/div><div class=\"swiper-slide\"><figure class=\"swiper-slide-inner\"><img decoding=\"async\" class=\"swiper-slide-image\" src=\"https:\/\/cristalerianueva.com\/wp-content\/uploads\/2023\/04\/img-2.jpg\" alt=\"img-2\" \/><\/figure><\/div><div class=\"swiper-slide\"><figure class=\"swiper-slide-inner\"><img decoding=\"async\" class=\"swiper-slide-image\" src=\"https:\/\/cristalerianueva.com\/wp-content\/uploads\/2023\/04\/img-1.jpg\" alt=\"img-1\" \/><\/figure><\/div>\t\t\t<\/div>\n\t\t\t\t\t\t\t\t\t\t\t\t<div class=\"swiper-pagination\"><\/div>\n\t\t\t\t\t\t\t\t\t\t\t\t\t<div class=\"elementor-swiper-button elementor-swiper-button-prev\">\n\t\t\t\t\t\t<i aria-hidden=\"true\" class=\"eicon-chevron-left\"><\/i>\t\t\t\t\t\t<span class=\"elementor-screen-only\">Pr\u00e9c\u00e9dent<\/span>\n\t\t\t\t\t<\/div>\n\t\t\t\t\t<div class=\"elementor-swiper-button elementor-swiper-button-next\">\n\t\t\t\t\t\t<i aria-hidden=\"true\" class=\"eicon-chevron-right\"><\/i>\t\t\t\t\t\t<span class=\"elementor-screen-only\">Suivant<\/span>\n\t\t\t\t\t<\/div>\n\t\t\t\t\t\t\t\t\t<\/div>\n\t\t\t\t<\/div>\n\t\t\t\t<\/div>\n\t\t\t\t\t<\/div>\n\t\t<\/div>\n\t\t\t\t\t\t\t<\/div>\n\t\t<\/section>\n\t\t\t\t\t\t\t<\/div>\n\t\t","protected":false},"excerpt":{"rendered":"<p>On aime ce qu&rsquo;on fait et \u00e7a se voit.<\/p>\n","protected":false},"author":1,"featured_media":0,"parent":0,"menu_order":0,"comment_status":"closed","ping_status":"closed","template":"elementor_header_footer","meta":{"footnotes":""},"class_list":["post-899","page","type-page","status-publish","hentry"],"yoast_head":"<!-- This site is optimized with the Yoast SEO plugin v23.9 - https:\/\/yoast.com\/wordpress\/plugins\/seo\/ -->\n<title>Notre histoire - CRISTALER\u00cdA NUEVA<\/title>\n<meta name=\"robots\" content=\"index, follow, max-snippet:-1, max-image-preview:large, max-video-preview:-1\" \/>\n<link rel=\"canonical\" href=\"https:\/\/cristalerianueva.com\/fr\/notre-histoire\/\" \/>\n<meta property=\"og:locale\" content=\"fr_FR\" \/>\n<meta property=\"og:type\" content=\"article\" \/>\n<meta property=\"og:title\" content=\"Notre histoire - CRISTALER\u00cdA NUEVA\" \/>\n<meta property=\"og:description\" content=\"On aime ce qu&#039;on fait et \u00e7a se voit.\" \/>\n<meta property=\"og:url\" content=\"https:\/\/cristalerianueva.com\/fr\/notre-histoire\/\" \/>\n<meta property=\"og:site_name\" content=\"CRISTALER\u00cdA NUEVA\" \/>\n<meta property=\"article:publisher\" content=\"https:\/\/www.facebook.com\/search\/top\/?q=CRISTALERIANUEVA\" \/>\n<meta property=\"article:modified_time\" content=\"2023-08-10T11:43:35+00:00\" \/>\n<meta property=\"og:image\" content=\"https:\/\/cristalerianueva.com\/wp-content\/uploads\/2023\/05\/antes_140.jpg\" \/>\n\t<meta property=\"og:image:width\" content=\"140\" \/>\n\t<meta property=\"og:image:height\" content=\"186\" \/>\n\t<meta property=\"og:image:type\" content=\"image\/jpeg\" \/>\n<meta name=\"twitter:card\" content=\"summary_large_image\" \/>\n<meta name=\"twitter:label1\" content=\"Dur\u00e9e de lecture estim\u00e9e\" \/>\n\t<meta name=\"twitter:data1\" content=\"2 minutes\" \/>\n<script type=\"application\/ld+json\" class=\"yoast-schema-graph\">{\"@context\":\"https:\/\/schema.org\",\"@graph\":[{\"@type\":\"WebPage\",\"@id\":\"https:\/\/cristalerianueva.com\/fr\/notre-histoire\/\",\"url\":\"https:\/\/cristalerianueva.com\/fr\/notre-histoire\/\",\"name\":\"Notre histoire - CRISTALER\u00cdA NUEVA\",\"isPartOf\":{\"@id\":\"https:\/\/cristalerianueva.com\/#website\"},\"primaryImageOfPage\":{\"@id\":\"https:\/\/cristalerianueva.com\/fr\/notre-histoire\/#primaryimage\"},\"image\":{\"@id\":\"https:\/\/cristalerianueva.com\/fr\/notre-histoire\/#primaryimage\"},\"thumbnailUrl\":\"https:\/\/cristalerianueva.com\/wp-content\/uploads\/2023\/05\/antes_140.jpg\",\"datePublished\":\"2023-04-13T10:21:00+00:00\",\"dateModified\":\"2023-08-10T11:43:35+00:00\",\"breadcrumb\":{\"@id\":\"https:\/\/cristalerianueva.com\/fr\/notre-histoire\/#breadcrumb\"},\"inLanguage\":\"fr-FR\",\"potentialAction\":[{\"@type\":\"ReadAction\",\"target\":[\"https:\/\/cristalerianueva.com\/fr\/notre-histoire\/\"]}]},{\"@type\":\"ImageObject\",\"inLanguage\":\"fr-FR\",\"@id\":\"https:\/\/cristalerianueva.com\/fr\/notre-histoire\/#primaryimage\",\"url\":\"https:\/\/cristalerianueva.com\/wp-content\/uploads\/2023\/05\/antes_140.jpg\",\"contentUrl\":\"https:\/\/cristalerianueva.com\/wp-content\/uploads\/2023\/05\/antes_140.jpg\"},{\"@type\":\"BreadcrumbList\",\"@id\":\"https:\/\/cristalerianueva.com\/fr\/notre-histoire\/#breadcrumb\",\"itemListElement\":[{\"@type\":\"ListItem\",\"position\":1,\"name\":\"Portada\",\"item\":\"https:\/\/cristalerianueva.com\/fr\/cristaleria-nueva\/\"},{\"@type\":\"ListItem\",\"position\":2,\"name\":\"Notre histoire\"}]},{\"@type\":\"WebSite\",\"@id\":\"https:\/\/cristalerianueva.com\/#website\",\"url\":\"https:\/\/cristalerianueva.com\/\",\"name\":\"CRISTALER\u00cdA NUEVA\",\"description\":\"CRISTALER\u00cdA NUEVA\",\"publisher\":{\"@id\":\"https:\/\/cristalerianueva.com\/#organization\"},\"potentialAction\":[{\"@type\":\"SearchAction\",\"target\":{\"@type\":\"EntryPoint\",\"urlTemplate\":\"https:\/\/cristalerianueva.com\/?s={search_term_string}\"},\"query-input\":{\"@type\":\"PropertyValueSpecification\",\"valueRequired\":true,\"valueName\":\"search_term_string\"}}],\"inLanguage\":\"fr-FR\"},{\"@type\":\"Organization\",\"@id\":\"https:\/\/cristalerianueva.com\/#organization\",\"name\":\"CRISTALER\u00cdA NUEVA\",\"url\":\"https:\/\/cristalerianueva.com\/\",\"logo\":{\"@type\":\"ImageObject\",\"inLanguage\":\"fr-FR\",\"@id\":\"https:\/\/cristalerianueva.com\/#\/schema\/logo\/image\/\",\"url\":\"https:\/\/cristalerianueva.com\/wp-content\/uploads\/2023\/04\/logo-cristaleria.png\",\"contentUrl\":\"https:\/\/cristalerianueva.com\/wp-content\/uploads\/2023\/04\/logo-cristaleria.png\",\"width\":455,\"height\":132,\"caption\":\"CRISTALER\u00cdA NUEVA\"},\"image\":{\"@id\":\"https:\/\/cristalerianueva.com\/#\/schema\/logo\/image\/\"},\"sameAs\":[\"https:\/\/www.facebook.com\/search\/top\/?q=CRISTALERIANUEVA\",\"https:\/\/www.instagram.com\/cristalerianueva.s.l\/\"]}]}<\/script>\n<!-- \/ Yoast SEO plugin. -->","yoast_head_json":{"title":"Notre histoire - CRISTALER\u00cdA NUEVA","robots":{"index":"index","follow":"follow","max-snippet":"max-snippet:-1","max-image-preview":"max-image-preview:large","max-video-preview":"max-video-preview:-1"},"canonical":"https:\/\/cristalerianueva.com\/fr\/notre-histoire\/","og_locale":"fr_FR","og_type":"article","og_title":"Notre histoire - CRISTALER\u00cdA NUEVA","og_description":"On aime ce qu'on fait et \u00e7a se voit.","og_url":"https:\/\/cristalerianueva.com\/fr\/notre-histoire\/","og_site_name":"CRISTALER\u00cdA NUEVA","article_publisher":"https:\/\/www.facebook.com\/search\/top\/?q=CRISTALERIANUEVA","article_modified_time":"2023-08-10T11:43:35+00:00","og_image":[{"width":140,"height":186,"url":"https:\/\/cristalerianueva.com\/wp-content\/uploads\/2023\/05\/antes_140.jpg","type":"image\/jpeg"}],"twitter_card":"summary_large_image","twitter_misc":{"Dur\u00e9e de lecture estim\u00e9e":"2 minutes"},"schema":{"@context":"https:\/\/schema.org","@graph":[{"@type":"WebPage","@id":"https:\/\/cristalerianueva.com\/fr\/notre-histoire\/","url":"https:\/\/cristalerianueva.com\/fr\/notre-histoire\/","name":"Notre histoire - CRISTALER\u00cdA NUEVA","isPartOf":{"@id":"https:\/\/cristalerianueva.com\/#website"},"primaryImageOfPage":{"@id":"https:\/\/cristalerianueva.com\/fr\/notre-histoire\/#primaryimage"},"image":{"@id":"https:\/\/cristalerianueva.com\/fr\/notre-histoire\/#primaryimage"},"thumbnailUrl":"https:\/\/cristalerianueva.com\/wp-content\/uploads\/2023\/05\/antes_140.jpg","datePublished":"2023-04-13T10:21:00+00:00","dateModified":"2023-08-10T11:43:35+00:00","breadcrumb":{"@id":"https:\/\/cristalerianueva.com\/fr\/notre-histoire\/#breadcrumb"},"inLanguage":"fr-FR","potentialAction":[{"@type":"ReadAction","target":["https:\/\/cristalerianueva.com\/fr\/notre-histoire\/"]}]},{"@type":"ImageObject","inLanguage":"fr-FR","@id":"https:\/\/cristalerianueva.com\/fr\/notre-histoire\/#primaryimage","url":"https:\/\/cristalerianueva.com\/wp-content\/uploads\/2023\/05\/antes_140.jpg","contentUrl":"https:\/\/cristalerianueva.com\/wp-content\/uploads\/2023\/05\/antes_140.jpg"},{"@type":"BreadcrumbList","@id":"https:\/\/cristalerianueva.com\/fr\/notre-histoire\/#breadcrumb","itemListElement":[{"@type":"ListItem","position":1,"name":"Portada","item":"https:\/\/cristalerianueva.com\/fr\/cristaleria-nueva\/"},{"@type":"ListItem","position":2,"name":"Notre histoire"}]},{"@type":"WebSite","@id":"https:\/\/cristalerianueva.com\/#website","url":"https:\/\/cristalerianueva.com\/","name":"CRISTALER\u00cdA NUEVA","description":"CRISTALER\u00cdA NUEVA","publisher":{"@id":"https:\/\/cristalerianueva.com\/#organization"},"potentialAction":[{"@type":"SearchAction","target":{"@type":"EntryPoint","urlTemplate":"https:\/\/cristalerianueva.com\/?s={search_term_string}"},"query-input":{"@type":"PropertyValueSpecification","valueRequired":true,"valueName":"search_term_string"}}],"inLanguage":"fr-FR"},{"@type":"Organization","@id":"https:\/\/cristalerianueva.com\/#organization","name":"CRISTALER\u00cdA NUEVA","url":"https:\/\/cristalerianueva.com\/","logo":{"@type":"ImageObject","inLanguage":"fr-FR","@id":"https:\/\/cristalerianueva.com\/#\/schema\/logo\/image\/","url":"https:\/\/cristalerianueva.com\/wp-content\/uploads\/2023\/04\/logo-cristaleria.png","contentUrl":"https:\/\/cristalerianueva.com\/wp-content\/uploads\/2023\/04\/logo-cristaleria.png","width":455,"height":132,"caption":"CRISTALER\u00cdA NUEVA"},"image":{"@id":"https:\/\/cristalerianueva.com\/#\/schema\/logo\/image\/"},"sameAs":["https:\/\/www.facebook.com\/search\/top\/?q=CRISTALERIANUEVA","https:\/\/www.instagram.com\/cristalerianueva.s.l\/"]}]}},"_links":{"self":[{"href":"https:\/\/cristalerianueva.com\/fr\/wp-json\/wp\/v2\/pages\/899","targetHints":{"allow":["GET"]}}],"collection":[{"href":"https:\/\/cristalerianueva.com\/fr\/wp-json\/wp\/v2\/pages"}],"about":[{"href":"https:\/\/cristalerianueva.com\/fr\/wp-json\/wp\/v2\/types\/page"}],"author":[{"embeddable":true,"href":"https:\/\/cristalerianueva.com\/fr\/wp-json\/wp\/v2\/users\/1"}],"replies":[{"embeddable":true,"href":"https:\/\/cristalerianueva.com\/fr\/wp-json\/wp\/v2\/comments?post=899"}],"version-history":[{"count":1,"href":"https:\/\/cristalerianueva.com\/fr\/wp-json\/wp\/v2\/pages\/899\/revisions"}],"predecessor-version":[{"id":900,"href":"https:\/\/cristalerianueva.com\/fr\/wp-json\/wp\/v2\/pages\/899\/revisions\/900"}],"wp:attachment":[{"href":"https:\/\/cristalerianueva.com\/fr\/wp-json\/wp\/v2\/media?parent=899"}],"curies":[{"name":"wp","href":"https:\/\/api.w.org\/{rel}","templated":true}]}}